{"id":117,"date":"2021-11-16T10:53:02","date_gmt":"2021-11-16T13:53:02","guid":{"rendered":"https:\/\/pingomagico.com.br\/pm\/?page_id=117"},"modified":"2022-07-06T14:53:34","modified_gmt":"2022-07-06T17:53:34","slug":"nosso-cardapio","status":"publish","type":"page","link":"https:\/\/pingomagico.com.br\/pm\/nosso-cardapio\/","title":{"rendered":"Nosso Card\u00e1pio"},"content":{"rendered":"<p><strong>BUFFET EXCLUSIVO BETH\u00a0 BAHIENSE<br \/>\n<\/strong><\/p>\n<p>Nosso card\u00e1pio \u00e9 exclusivo e assinado pelo renomado buffet, especializado em casamentos, Beth Bahiense. Com um card\u00e1pio diverso, preparado por profissionais especializadas, voc\u00ea escolhe e monta o menu da sua festa.<\/p>\n<p>&nbsp;<\/p>\n","protected":false},"excerpt":{"rendered":"<p>BUFFET EXCLUSIVO BETH\u00a0 BAHIENSE Nosso card\u00e1pio \u00e9 exclusivo e assinado pelo renomado buffet, especializado em casamentos, Beth Bahiense. Com um card\u00e1pio diverso, preparado por profissionais especializadas, voc\u00ea escolhe e monta o menu da sua festa. &nbsp;<\/p>\n","protected":false},"author":2,"featured_media":191,"parent":0,"menu_order":0,"comment_status":"closed","ping_status":"closed","template":"page-cardapio.php","meta":[],"_links":{"self":[{"href":"https:\/\/pingomagico.com.br\/pm\/wp-json\/wp\/v2\/pages\/117"}],"collection":[{"href":"https:\/\/pingomagico.com.br\/pm\/wp-json\/wp\/v2\/pages"}],"about":[{"href":"https:\/\/pingomagico.com.br\/pm\/wp-json\/wp\/v2\/types\/page"}],"author":[{"embeddable":true,"href":"https:\/\/pingomagico.com.br\/pm\/wp-json\/wp\/v2\/users\/2"}],"replies":[{"embeddable":true,"href":"https:\/\/pingomagico.com.br\/pm\/wp-json\/wp\/v2\/comments?post=117"}],"version-history":[{"count":11,"href":"https:\/\/pingomagico.com.br\/pm\/wp-json\/wp\/v2\/pages\/117\/revisions"}],"predecessor-version":[{"id":354,"href":"https:\/\/pingomagico.com.br\/pm\/wp-json\/wp\/v2\/pages\/117\/revisions\/354"}],"wp:featuredmedia":[{"embeddable":true,"href":"https:\/\/pingomagico.com.br\/pm\/wp-json\/wp\/v2\/media\/191"}],"wp:attachment":[{"href":"https:\/\/pingomagico.com.br\/pm\/wp-json\/wp\/v2\/media?parent=117"}],"curies":[{"name":"wp","href":"https:\/\/api.w.org\/{rel}","templated":true}]}}