{"id":5,"date":"2021-11-04T10:42:55","date_gmt":"2021-11-04T13:42:55","guid":{"rendered":"https:\/\/pingomagico.com.br\/pm\/?page_id=5"},"modified":"2023-04-05T20:26:43","modified_gmt":"2023-04-05T23:26:43","slug":"o-pingo","status":"publish","type":"page","link":"https:\/\/pingomagico.com.br\/pm\/o-pingo\/","title":{"rendered":"O M\u00e1gico"},"content":{"rendered":"<h2 class=\"subTitulos\">Possu\u00edmos os mais diversos pacotes de festa para atender os desejos de cada fam\u00edlia!<\/h2>\n<p><span style=\"font-weight: 400;\">O M\u00e1gico Festas \u00e9 uma casa de festas, que\u00a0 nasceu em 1997, do sonho da empreendedora Beth Bahiense, de proporcionar um espa\u00e7o exclusivo de alegria e divers\u00e3o para as crian\u00e7as e suas fam\u00edlias. Desde ent\u00e3o, h\u00e1 25 anos, estamos transformando festas em momentos M\u00e1gicos.\u00a0<\/span><\/p>\n<p><span style=\"font-weight: 400;\">Realizamos diversos eventos com decora\u00e7\u00e3o personalizada, ambiente aconchegante, card\u00e1pio diversificado, espa\u00e7os l\u00fadicos repletos de atra\u00e7\u00f5es para crian\u00e7as e adultos.\u00a0<\/span><\/p>\n<p><span style=\"font-weight: 400;\">A casa acomoda, confortavelmente, uma capacidade m\u00e1xima de 200 pessoas. Contamos com uma equipe de profissionais capacitados e treinados para atender suas necessidades, aliando o que h\u00e1 de melhor em conforto, seguran\u00e7a e entretenimento.\u00a0<\/span><\/p>\n<p><span style=\"font-weight: 400;\">Cuidamos de todos os detalhes do\u00a0 evento, para\u00a0 voc\u00ea e seus convidados se divertirem muito e viverem momentos inesquec\u00edveis.\u00a0<\/span><\/p>\n","protected":false},"excerpt":{"rendered":"<p>Possu\u00edmos os mais diversos pacotes de festa para atender os desejos de cada fam\u00edlia! O M\u00e1gico Festas \u00e9 uma casa de festas, que\u00a0 nasceu em 1997, do sonho da empreendedora Beth Bahiense, de proporcionar um espa\u00e7o exclusivo de alegria e divers\u00e3o para as crian\u00e7as e suas fam\u00edlias. Desde ent\u00e3o, h\u00e1 25 anos, estamos transformando festas [&hellip;]<\/p>\n","protected":false},"author":2,"featured_media":0,"parent":0,"menu_order":0,"comment_status":"closed","ping_status":"closed","template":"page-sobre.php","meta":[],"acf":{"photo_gallery":{"galeria_de_fotos":[[{"id":985,"title":"01 ano Beatriz-150","caption":"","full_image_url":"https:\/\/pingomagico.com.br\/pm\/wp-content\/uploads\/2023\/04\/01-ano-Beatriz-150-scaled.jpg","thumbnail_image_url":"https:\/\/pingomagico.com.br\/pm\/wp-content\/uploads\/2023\/04\/01-ano-Beatriz-150-150x150.jpg","large_srcset":"https:\/\/pingomagico.com.br\/pm\/wp-content\/uploads\/2023\/04\/01-ano-Beatriz-150-1024x683.jpg 1024w, https:\/\/pingomagico.com.br\/pm\/wp-content\/uploads\/2023\/04\/01-ano-Beatriz-150-300x200.jpg 300w, https:\/\/pingomagico.com.br\/pm\/wp-content\/uploads\/2023\/04\/01-ano-Beatriz-150-768x512.jpg 768w, https:\/\/pingomagico.com.br\/pm\/wp-content\/uploads\/2023\/04\/01-ano-Beatriz-150-1536x1024.jpg 1536w, https:\/\/pingomagico.com.br\/pm\/wp-content\/uploads\/2023\/04\/01-ano-Beatriz-150-2048x1365.jpg 2048w, https:\/\/pingomagico.com.br\/pm\/wp-content\/uploads\/2023\/04\/01-ano-Beatriz-150-620x413.jpg 620w","medium_srcset":"https:\/\/pingomagico.com.br\/pm\/wp-content\/uploads\/2023\/04\/01-ano-Beatriz-150-300x200.jpg 300w, https:\/\/pingomagico.com.br\/pm\/wp-content\/uploads\/2023\/04\/01-ano-Beatriz-150-1024x683.jpg 1024w, https:\/\/pingomagico.com.br\/pm\/wp-content\/uploads\/2023\/04\/01-ano-Beatriz-150-768x512.jpg 768w, https:\/\/pingomagico.com.br\/pm\/wp-content\/uploads\/2023\/04\/01-ano-Beatriz-150-1536x1024.jpg 1536w, https:\/\/pingomagico.com.br\/pm\/wp-content\/uploads\/2023\/04\/01-ano-Beatriz-150-2048x1365.jpg 2048w, https:\/\/pingomagico.com.br\/pm\/wp-content\/uploads\/2023\/04\/01-ano-Beatriz-150-620x413.jpg 620w","url":"","target":""},{"id":989,"title":"01 ano Beatriz-142","caption":"","full_image_url":"https:\/\/pingomagico.com.br\/pm\/wp-content\/uploads\/2023\/04\/01-ano-Beatriz-142-scaled.jpg","thumbnail_image_url":"https:\/\/pingomagico.com.br\/pm\/wp-content\/uploads\/2023\/04\/01-ano-Beatriz-142-150x150.jpg","large_srcset":"https:\/\/pingomagico.com.br\/pm\/wp-content\/uploads\/2023\/04\/01-ano-Beatriz-142-1024x683.jpg 1024w, https:\/\/pingomagico.com.br\/pm\/wp-content\/uploads\/2023\/04\/01-ano-Beatriz-142-300x200.jpg 300w, https:\/\/pingomagico.com.br\/pm\/wp-content\/uploads\/2023\/04\/01-ano-Beatriz-142-768x512.jpg 768w, https:\/\/pingomagico.com.br\/pm\/wp-content\/uploads\/2023\/04\/01-ano-Beatriz-142-1536x1024.jpg 1536w, https:\/\/pingomagico.com.br\/pm\/wp-content\/uploads\/2023\/04\/01-ano-Beatriz-142-2048x1365.jpg 2048w, https:\/\/pingomagico.com.br\/pm\/wp-content\/uploads\/2023\/04\/01-ano-Beatriz-142-620x413.jpg 620w","medium_srcset":"https:\/\/pingomagico.com.br\/pm\/wp-content\/uploads\/2023\/04\/01-ano-Beatriz-142-300x200.jpg 300w, https:\/\/pingomagico.com.br\/pm\/wp-content\/uploads\/2023\/04\/01-ano-Beatriz-142-1024x683.jpg 1024w, https:\/\/pingomagico.com.br\/pm\/wp-content\/uploads\/2023\/04\/01-ano-Beatriz-142-768x512.jpg 768w, https:\/\/pingomagico.com.br\/pm\/wp-content\/uploads\/2023\/04\/01-ano-Beatriz-142-1536x1024.jpg 1536w, https:\/\/pingomagico.com.br\/pm\/wp-content\/uploads\/2023\/04\/01-ano-Beatriz-142-2048x1365.jpg 2048w, https:\/\/pingomagico.com.br\/pm\/wp-content\/uploads\/2023\/04\/01-ano-Beatriz-142-620x413.jpg 620w","url":"","target":""},{"id":994,"title":"072CFB09-3F78-4C6E-82BD-8C0EA0E2B68E","caption":"","full_image_url":"https:\/\/pingomagico.com.br\/pm\/wp-content\/uploads\/2023\/04\/072CFB09-3F78-4C6E-82BD-8C0EA0E2B68E.jpg","thumbnail_image_url":"https:\/\/pingomagico.com.br\/pm\/wp-content\/uploads\/2023\/04\/072CFB09-3F78-4C6E-82BD-8C0EA0E2B68E-150x150.jpg","large_srcset":"https:\/\/pingomagico.com.br\/pm\/wp-content\/uploads\/2023\/04\/072CFB09-3F78-4C6E-82BD-8C0EA0E2B68E.jpg 711w, https:\/\/pingomagico.com.br\/pm\/wp-content\/uploads\/2023\/04\/072CFB09-3F78-4C6E-82BD-8C0EA0E2B68E-300x200.jpg 300w, https:\/\/pingomagico.com.br\/pm\/wp-content\/uploads\/2023\/04\/072CFB09-3F78-4C6E-82BD-8C0EA0E2B68E-620x413.jpg 620w","medium_srcset":"https:\/\/pingomagico.com.br\/pm\/wp-content\/uploads\/2023\/04\/072CFB09-3F78-4C6E-82BD-8C0EA0E2B68E-300x200.jpg 300w, https:\/\/pingomagico.com.br\/pm\/wp-content\/uploads\/2023\/04\/072CFB09-3F78-4C6E-82BD-8C0EA0E2B68E-620x413.jpg 620w, https:\/\/pingomagico.com.br\/pm\/wp-content\/uploads\/2023\/04\/072CFB09-3F78-4C6E-82BD-8C0EA0E2B68E.jpg 711w","url":"","target":""},{"id":990,"title":"WhatsApp Image 2022-12-21 at 16.08.44 (1)","caption":"","full_image_url":"https:\/\/pingomagico.com.br\/pm\/wp-content\/uploads\/2023\/04\/WhatsApp-Image-2022-12-21-at-16.08.44-1.jpeg","thumbnail_image_url":"https:\/\/pingomagico.com.br\/pm\/wp-content\/uploads\/2023\/04\/WhatsApp-Image-2022-12-21-at-16.08.44-1-150x150.jpeg","large_srcset":"https:\/\/pingomagico.com.br\/pm\/wp-content\/uploads\/2023\/04\/WhatsApp-Image-2022-12-21-at-16.08.44-1-1024x682.jpeg 1024w, https:\/\/pingomagico.com.br\/pm\/wp-content\/uploads\/2023\/04\/WhatsApp-Image-2022-12-21-at-16.08.44-1-300x200.jpeg 300w, https:\/\/pingomagico.com.br\/pm\/wp-content\/uploads\/2023\/04\/WhatsApp-Image-2022-12-21-at-16.08.44-1-768x512.jpeg 768w, https:\/\/pingomagico.com.br\/pm\/wp-content\/uploads\/2023\/04\/WhatsApp-Image-2022-12-21-at-16.08.44-1-620x413.jpeg 620w, https:\/\/pingomagico.com.br\/pm\/wp-content\/uploads\/2023\/04\/WhatsApp-Image-2022-12-21-at-16.08.44-1.jpeg 1280w","medium_srcset":"https:\/\/pingomagico.com.br\/pm\/wp-content\/uploads\/2023\/04\/WhatsApp-Image-2022-12-21-at-16.08.44-1-300x200.jpeg 300w, https:\/\/pingomagico.com.br\/pm\/wp-content\/uploads\/2023\/04\/WhatsApp-Image-2022-12-21-at-16.08.44-1-1024x682.jpeg 1024w, https:\/\/pingomagico.com.br\/pm\/wp-content\/uploads\/2023\/04\/WhatsApp-Image-2022-12-21-at-16.08.44-1-768x512.jpeg 768w, https:\/\/pingomagico.com.br\/pm\/wp-content\/uploads\/2023\/04\/WhatsApp-Image-2022-12-21-at-16.08.44-1-620x413.jpeg 620w, https:\/\/pingomagico.com.br\/pm\/wp-content\/uploads\/2023\/04\/WhatsApp-Image-2022-12-21-at-16.08.44-1.jpeg 1280w","url":"","target":""},{"id":993,"title":"0001-67","caption":"","full_image_url":"https:\/\/pingomagico.com.br\/pm\/wp-content\/uploads\/2023\/04\/0001-67-scaled.jpg","thumbnail_image_url":"https:\/\/pingomagico.com.br\/pm\/wp-content\/uploads\/2023\/04\/0001-67-150x150.jpg","large_srcset":"https:\/\/pingomagico.com.br\/pm\/wp-content\/uploads\/2023\/04\/0001-67-1024x661.jpg 1024w, https:\/\/pingomagico.com.br\/pm\/wp-content\/uploads\/2023\/04\/0001-67-300x194.jpg 300w, https:\/\/pingomagico.com.br\/pm\/wp-content\/uploads\/2023\/04\/0001-67-768x496.jpg 768w, https:\/\/pingomagico.com.br\/pm\/wp-content\/uploads\/2023\/04\/0001-67-1536x992.jpg 1536w, https:\/\/pingomagico.com.br\/pm\/wp-content\/uploads\/2023\/04\/0001-67-2048x1322.jpg 2048w, https:\/\/pingomagico.com.br\/pm\/wp-content\/uploads\/2023\/04\/0001-67-620x400.jpg 620w","medium_srcset":"https:\/\/pingomagico.com.br\/pm\/wp-content\/uploads\/2023\/04\/0001-67-300x194.jpg 300w, https:\/\/pingomagico.com.br\/pm\/wp-content\/uploads\/2023\/04\/0001-67-1024x661.jpg 1024w, https:\/\/pingomagico.com.br\/pm\/wp-content\/uploads\/2023\/04\/0001-67-768x496.jpg 768w, https:\/\/pingomagico.com.br\/pm\/wp-content\/uploads\/2023\/04\/0001-67-1536x992.jpg 1536w, https:\/\/pingomagico.com.br\/pm\/wp-content\/uploads\/2023\/04\/0001-67-2048x1322.jpg 2048w, https:\/\/pingomagico.com.br\/pm\/wp-content\/uploads\/2023\/04\/0001-67-620x400.jpg 620w","url":"","target":""},{"id":992,"title":"0001-26","caption":"","full_image_url":"https:\/\/pingomagico.com.br\/pm\/wp-content\/uploads\/2023\/04\/0001-26-scaled.jpg","thumbnail_image_url":"https:\/\/pingomagico.com.br\/pm\/wp-content\/uploads\/2023\/04\/0001-26-150x150.jpg","large_srcset":"https:\/\/pingomagico.com.br\/pm\/wp-content\/uploads\/2023\/04\/0001-26-1024x662.jpg 1024w, https:\/\/pingomagico.com.br\/pm\/wp-content\/uploads\/2023\/04\/0001-26-300x194.jpg 300w, https:\/\/pingomagico.com.br\/pm\/wp-content\/uploads\/2023\/04\/0001-26-768x496.jpg 768w, https:\/\/pingomagico.com.br\/pm\/wp-content\/uploads\/2023\/04\/0001-26-1536x993.jpg 1536w, https:\/\/pingomagico.com.br\/pm\/wp-content\/uploads\/2023\/04\/0001-26-2048x1324.jpg 2048w, https:\/\/pingomagico.com.br\/pm\/wp-content\/uploads\/2023\/04\/0001-26-620x401.jpg 620w","medium_srcset":"https:\/\/pingomagico.com.br\/pm\/wp-content\/uploads\/2023\/04\/0001-26-300x194.jpg 300w, https:\/\/pingomagico.com.br\/pm\/wp-content\/uploads\/2023\/04\/0001-26-1024x662.jpg 1024w, https:\/\/pingomagico.com.br\/pm\/wp-content\/uploads\/2023\/04\/0001-26-768x496.jpg 768w, https:\/\/pingomagico.com.br\/pm\/wp-content\/uploads\/2023\/04\/0001-26-1536x993.jpg 1536w, https:\/\/pingomagico.com.br\/pm\/wp-content\/uploads\/2023\/04\/0001-26-2048x1324.jpg 2048w, https:\/\/pingomagico.com.br\/pm\/wp-content\/uploads\/2023\/04\/0001-26-620x401.jpg 620w","url":"","target":""},{"id":991,"title":"WhatsApp Image 2022-10-28 at 20.37.52 (1)","caption":"","full_image_url":"https:\/\/pingomagico.com.br\/pm\/wp-content\/uploads\/2023\/04\/WhatsApp-Image-2022-10-28-at-20.37.52-1.jpeg","thumbnail_image_url":"https:\/\/pingomagico.com.br\/pm\/wp-content\/uploads\/2023\/04\/WhatsApp-Image-2022-10-28-at-20.37.52-1-150x150.jpeg","large_srcset":"https:\/\/pingomagico.com.br\/pm\/wp-content\/uploads\/2023\/04\/WhatsApp-Image-2022-10-28-at-20.37.52-1-1024x683.jpeg 1024w, https:\/\/pingomagico.com.br\/pm\/wp-content\/uploads\/2023\/04\/WhatsApp-Image-2022-10-28-at-20.37.52-1-300x200.jpeg 300w, https:\/\/pingomagico.com.br\/pm\/wp-content\/uploads\/2023\/04\/WhatsApp-Image-2022-10-28-at-20.37.52-1-768x512.jpeg 768w, https:\/\/pingomagico.com.br\/pm\/wp-content\/uploads\/2023\/04\/WhatsApp-Image-2022-10-28-at-20.37.52-1-620x413.jpeg 620w, https:\/\/pingomagico.com.br\/pm\/wp-content\/uploads\/2023\/04\/WhatsApp-Image-2022-10-28-at-20.37.52-1.jpeg 1080w","medium_srcset":"https:\/\/pingomagico.com.br\/pm\/wp-content\/uploads\/2023\/04\/WhatsApp-Image-2022-10-28-at-20.37.52-1-300x200.jpeg 300w, https:\/\/pingomagico.com.br\/pm\/wp-content\/uploads\/2023\/04\/WhatsApp-Image-2022-10-28-at-20.37.52-1-1024x683.jpeg 1024w, https:\/\/pingomagico.com.br\/pm\/wp-content\/uploads\/2023\/04\/WhatsApp-Image-2022-10-28-at-20.37.52-1-768x512.jpeg 768w, https:\/\/pingomagico.com.br\/pm\/wp-content\/uploads\/2023\/04\/WhatsApp-Image-2022-10-28-at-20.37.52-1-620x413.jpeg 620w, https:\/\/pingomagico.com.br\/pm\/wp-content\/uploads\/2023\/04\/WhatsApp-Image-2022-10-28-at-20.37.52-1.jpeg 1080w","url":"","target":""},{"id":988,"title":"01 ano Beatriz-285","caption":"","full_image_url":"https:\/\/pingomagico.com.br\/pm\/wp-content\/uploads\/2023\/04\/01-ano-Beatriz-285-scaled.jpg","thumbnail_image_url":"https:\/\/pingomagico.com.br\/pm\/wp-content\/uploads\/2023\/04\/01-ano-Beatriz-285-150x150.jpg","large_srcset":"https:\/\/pingomagico.com.br\/pm\/wp-content\/uploads\/2023\/04\/01-ano-Beatriz-285-1024x683.jpg 1024w, https:\/\/pingomagico.com.br\/pm\/wp-content\/uploads\/2023\/04\/01-ano-Beatriz-285-300x200.jpg 300w, https:\/\/pingomagico.com.br\/pm\/wp-content\/uploads\/2023\/04\/01-ano-Beatriz-285-768x512.jpg 768w, https:\/\/pingomagico.com.br\/pm\/wp-content\/uploads\/2023\/04\/01-ano-Beatriz-285-1536x1024.jpg 1536w, https:\/\/pingomagico.com.br\/pm\/wp-content\/uploads\/2023\/04\/01-ano-Beatriz-285-2048x1365.jpg 2048w, https:\/\/pingomagico.com.br\/pm\/wp-content\/uploads\/2023\/04\/01-ano-Beatriz-285-620x413.jpg 620w","medium_srcset":"https:\/\/pingomagico.com.br\/pm\/wp-content\/uploads\/2023\/04\/01-ano-Beatriz-285-300x200.jpg 300w, https:\/\/pingomagico.com.br\/pm\/wp-content\/uploads\/2023\/04\/01-ano-Beatriz-285-1024x683.jpg 1024w, https:\/\/pingomagico.com.br\/pm\/wp-content\/uploads\/2023\/04\/01-ano-Beatriz-285-768x512.jpg 768w, https:\/\/pingomagico.com.br\/pm\/wp-content\/uploads\/2023\/04\/01-ano-Beatriz-285-1536x1024.jpg 1536w, https:\/\/pingomagico.com.br\/pm\/wp-content\/uploads\/2023\/04\/01-ano-Beatriz-285-2048x1365.jpg 2048w, https:\/\/pingomagico.com.br\/pm\/wp-content\/uploads\/2023\/04\/01-ano-Beatriz-285-620x413.jpg 620w","url":"","target":""},{"id":986,"title":"01 ano Beatriz-151","caption":"","full_image_url":"https:\/\/pingomagico.com.br\/pm\/wp-content\/uploads\/2023\/04\/01-ano-Beatriz-151-scaled.jpg","thumbnail_image_url":"https:\/\/pingomagico.com.br\/pm\/wp-content\/uploads\/2023\/04\/01-ano-Beatriz-151-150x150.jpg","large_srcset":"https:\/\/pingomagico.com.br\/pm\/wp-content\/uploads\/2023\/04\/01-ano-Beatriz-151-1024x683.jpg 1024w, https:\/\/pingomagico.com.br\/pm\/wp-content\/uploads\/2023\/04\/01-ano-Beatriz-151-300x200.jpg 300w, https:\/\/pingomagico.com.br\/pm\/wp-content\/uploads\/2023\/04\/01-ano-Beatriz-151-768x512.jpg 768w, https:\/\/pingomagico.com.br\/pm\/wp-content\/uploads\/2023\/04\/01-ano-Beatriz-151-1536x1024.jpg 1536w, https:\/\/pingomagico.com.br\/pm\/wp-content\/uploads\/2023\/04\/01-ano-Beatriz-151-2048x1365.jpg 2048w, https:\/\/pingomagico.com.br\/pm\/wp-content\/uploads\/2023\/04\/01-ano-Beatriz-151-620x413.jpg 620w","medium_srcset":"https:\/\/pingomagico.com.br\/pm\/wp-content\/uploads\/2023\/04\/01-ano-Beatriz-151-300x200.jpg 300w, https:\/\/pingomagico.com.br\/pm\/wp-content\/uploads\/2023\/04\/01-ano-Beatriz-151-1024x683.jpg 1024w, https:\/\/pingomagico.com.br\/pm\/wp-content\/uploads\/2023\/04\/01-ano-Beatriz-151-768x512.jpg 768w, https:\/\/pingomagico.com.br\/pm\/wp-content\/uploads\/2023\/04\/01-ano-Beatriz-151-1536x1024.jpg 1536w, https:\/\/pingomagico.com.br\/pm\/wp-content\/uploads\/2023\/04\/01-ano-Beatriz-151-2048x1365.jpg 2048w, https:\/\/pingomagico.com.br\/pm\/wp-content\/uploads\/2023\/04\/01-ano-Beatriz-151-620x413.jpg 620w","url":"","target":""},{"id":259,"title":"Sal\u00e3o de Jogos","caption":"","full_image_url":"https:\/\/pingomagico.com.br\/pm\/wp-content\/uploads\/2022\/01\/IMG_2148-scaled.jpg","thumbnail_image_url":"https:\/\/pingomagico.com.br\/pm\/wp-content\/uploads\/2022\/01\/IMG_2148-150x150.jpg","large_srcset":"https:\/\/pingomagico.com.br\/pm\/wp-content\/uploads\/2022\/01\/IMG_2148-1024x768.jpg 1024w, https:\/\/pingomagico.com.br\/pm\/wp-content\/uploads\/2022\/01\/IMG_2148-300x225.jpg 300w, https:\/\/pingomagico.com.br\/pm\/wp-content\/uploads\/2022\/01\/IMG_2148-768x576.jpg 768w, https:\/\/pingomagico.com.br\/pm\/wp-content\/uploads\/2022\/01\/IMG_2148-1536x1152.jpg 1536w, https:\/\/pingomagico.com.br\/pm\/wp-content\/uploads\/2022\/01\/IMG_2148-2048x1536.jpg 2048w, https:\/\/pingomagico.com.br\/pm\/wp-content\/uploads\/2022\/01\/IMG_2148-620x465.jpg 620w, https:\/\/pingomagico.com.br\/pm\/wp-content\/uploads\/2022\/01\/IMG_2148-800x600.jpg 800w","medium_srcset":"https:\/\/pingomagico.com.br\/pm\/wp-content\/uploads\/2022\/01\/IMG_2148-300x225.jpg 300w, https:\/\/pingomagico.com.br\/pm\/wp-content\/uploads\/2022\/01\/IMG_2148-1024x768.jpg 1024w, https:\/\/pingomagico.com.br\/pm\/wp-content\/uploads\/2022\/01\/IMG_2148-768x576.jpg 768w, https:\/\/pingomagico.com.br\/pm\/wp-content\/uploads\/2022\/01\/IMG_2148-1536x1152.jpg 1536w, https:\/\/pingomagico.com.br\/pm\/wp-content\/uploads\/2022\/01\/IMG_2148-2048x1536.jpg 2048w, https:\/\/pingomagico.com.br\/pm\/wp-content\/uploads\/2022\/01\/IMG_2148-620x465.jpg 620w, https:\/\/pingomagico.com.br\/pm\/wp-content\/uploads\/2022\/01\/IMG_2148-800x600.jpg 800w","url":"","target":""},{"id":256,"title":"Cinema 7D","caption":"","full_image_url":"https:\/\/pingomagico.com.br\/pm\/wp-content\/uploads\/2022\/01\/IMG_2159-scaled.jpg","thumbnail_image_url":"https:\/\/pingomagico.com.br\/pm\/wp-content\/uploads\/2022\/01\/IMG_2159-150x150.jpg","large_srcset":"https:\/\/pingomagico.com.br\/pm\/wp-content\/uploads\/2022\/01\/IMG_2159-1024x768.jpg 1024w, https:\/\/pingomagico.com.br\/pm\/wp-content\/uploads\/2022\/01\/IMG_2159-300x225.jpg 300w, https:\/\/pingomagico.com.br\/pm\/wp-content\/uploads\/2022\/01\/IMG_2159-768x576.jpg 768w, https:\/\/pingomagico.com.br\/pm\/wp-content\/uploads\/2022\/01\/IMG_2159-1536x1152.jpg 1536w, https:\/\/pingomagico.com.br\/pm\/wp-content\/uploads\/2022\/01\/IMG_2159-2048x1536.jpg 2048w, https:\/\/pingomagico.com.br\/pm\/wp-content\/uploads\/2022\/01\/IMG_2159-620x465.jpg 620w, https:\/\/pingomagico.com.br\/pm\/wp-content\/uploads\/2022\/01\/IMG_2159-800x600.jpg 800w","medium_srcset":"https:\/\/pingomagico.com.br\/pm\/wp-content\/uploads\/2022\/01\/IMG_2159-300x225.jpg 300w, https:\/\/pingomagico.com.br\/pm\/wp-content\/uploads\/2022\/01\/IMG_2159-1024x768.jpg 1024w, https:\/\/pingomagico.com.br\/pm\/wp-content\/uploads\/2022\/01\/IMG_2159-768x576.jpg 768w, https:\/\/pingomagico.com.br\/pm\/wp-content\/uploads\/2022\/01\/IMG_2159-1536x1152.jpg 1536w, https:\/\/pingomagico.com.br\/pm\/wp-content\/uploads\/2022\/01\/IMG_2159-2048x1536.jpg 2048w, https:\/\/pingomagico.com.br\/pm\/wp-content\/uploads\/2022\/01\/IMG_2159-620x465.jpg 620w, https:\/\/pingomagico.com.br\/pm\/wp-content\/uploads\/2022\/01\/IMG_2159-800x600.jpg 800w","url":"","target":""},{"id":255,"title":"Cinema 7D","caption":"","full_image_url":"https:\/\/pingomagico.com.br\/pm\/wp-content\/uploads\/2022\/01\/IMG_21641-scaled.jpg","thumbnail_image_url":"https:\/\/pingomagico.com.br\/pm\/wp-content\/uploads\/2022\/01\/IMG_21641-150x150.jpg","large_srcset":"https:\/\/pingomagico.com.br\/pm\/wp-content\/uploads\/2022\/01\/IMG_21641-1024x768.jpg 1024w, https:\/\/pingomagico.com.br\/pm\/wp-content\/uploads\/2022\/01\/IMG_21641-300x225.jpg 300w, https:\/\/pingomagico.com.br\/pm\/wp-content\/uploads\/2022\/01\/IMG_21641-768x576.jpg 768w, https:\/\/pingomagico.com.br\/pm\/wp-content\/uploads\/2022\/01\/IMG_21641-1536x1152.jpg 1536w, https:\/\/pingomagico.com.br\/pm\/wp-content\/uploads\/2022\/01\/IMG_21641-2048x1536.jpg 2048w, https:\/\/pingomagico.com.br\/pm\/wp-content\/uploads\/2022\/01\/IMG_21641-620x465.jpg 620w, https:\/\/pingomagico.com.br\/pm\/wp-content\/uploads\/2022\/01\/IMG_21641-800x600.jpg 800w","medium_srcset":"https:\/\/pingomagico.com.br\/pm\/wp-content\/uploads\/2022\/01\/IMG_21641-300x225.jpg 300w, https:\/\/pingomagico.com.br\/pm\/wp-content\/uploads\/2022\/01\/IMG_21641-1024x768.jpg 1024w, https:\/\/pingomagico.com.br\/pm\/wp-content\/uploads\/2022\/01\/IMG_21641-768x576.jpg 768w, https:\/\/pingomagico.com.br\/pm\/wp-content\/uploads\/2022\/01\/IMG_21641-1536x1152.jpg 1536w, https:\/\/pingomagico.com.br\/pm\/wp-content\/uploads\/2022\/01\/IMG_21641-2048x1536.jpg 2048w, https:\/\/pingomagico.com.br\/pm\/wp-content\/uploads\/2022\/01\/IMG_21641-620x465.jpg 620w, https:\/\/pingomagico.com.br\/pm\/wp-content\/uploads\/2022\/01\/IMG_21641-800x600.jpg 800w","url":"","target":""},{"id":987,"title":"01 ano Beatriz-154","caption":"","full_image_url":"https:\/\/pingomagico.com.br\/pm\/wp-content\/uploads\/2023\/04\/01-ano-Beatriz-154-scaled.jpg","thumbnail_image_url":"https:\/\/pingomagico.com.br\/pm\/wp-content\/uploads\/2023\/04\/01-ano-Beatriz-154-150x150.jpg","large_srcset":"https:\/\/pingomagico.com.br\/pm\/wp-content\/uploads\/2023\/04\/01-ano-Beatriz-154-1024x683.jpg 1024w, https:\/\/pingomagico.com.br\/pm\/wp-content\/uploads\/2023\/04\/01-ano-Beatriz-154-300x200.jpg 300w, https:\/\/pingomagico.com.br\/pm\/wp-content\/uploads\/2023\/04\/01-ano-Beatriz-154-768x512.jpg 768w, https:\/\/pingomagico.com.br\/pm\/wp-content\/uploads\/2023\/04\/01-ano-Beatriz-154-1536x1024.jpg 1536w, https:\/\/pingomagico.com.br\/pm\/wp-content\/uploads\/2023\/04\/01-ano-Beatriz-154-2048x1365.jpg 2048w, https:\/\/pingomagico.com.br\/pm\/wp-content\/uploads\/2023\/04\/01-ano-Beatriz-154-620x413.jpg 620w","medium_srcset":"https:\/\/pingomagico.com.br\/pm\/wp-content\/uploads\/2023\/04\/01-ano-Beatriz-154-300x200.jpg 300w, https:\/\/pingomagico.com.br\/pm\/wp-content\/uploads\/2023\/04\/01-ano-Beatriz-154-1024x683.jpg 1024w, https:\/\/pingomagico.com.br\/pm\/wp-content\/uploads\/2023\/04\/01-ano-Beatriz-154-768x512.jpg 768w, https:\/\/pingomagico.com.br\/pm\/wp-content\/uploads\/2023\/04\/01-ano-Beatriz-154-1536x1024.jpg 1536w, https:\/\/pingomagico.com.br\/pm\/wp-content\/uploads\/2023\/04\/01-ano-Beatriz-154-2048x1365.jpg 2048w, https:\/\/pingomagico.com.br\/pm\/wp-content\/uploads\/2023\/04\/01-ano-Beatriz-154-620x413.jpg 620w","url":"","target":""}]]}},"_links":{"self":[{"href":"https:\/\/pingomagico.com.br\/pm\/wp-json\/wp\/v2\/pages\/5"}],"collection":[{"href":"https:\/\/pingomagico.com.br\/pm\/wp-json\/wp\/v2\/pages"}],"about":[{"href":"https:\/\/pingomagico.com.br\/pm\/wp-json\/wp\/v2\/types\/page"}],"author":[{"embeddable":true,"href":"https:\/\/pingomagico.com.br\/pm\/wp-json\/wp\/v2\/users\/2"}],"replies":[{"embeddable":true,"href":"https:\/\/pingomagico.com.br\/pm\/wp-json\/wp\/v2\/comments?post=5"}],"version-history":[{"count":17,"href":"https:\/\/pingomagico.com.br\/pm\/wp-json\/wp\/v2\/pages\/5\/revisions"}],"predecessor-version":[{"id":970,"href":"https:\/\/pingomagico.com.br\/pm\/wp-json\/wp\/v2\/pages\/5\/revisions\/970"}],"wp:attachment":[{"href":"https:\/\/pingomagico.com.br\/pm\/wp-json\/wp\/v2\/media?parent=5"}],"curies":[{"name":"wp","href":"https:\/\/api.w.org\/{rel}","templated":true}]}}